{"id":124,"date":"2017-08-22T17:28:24","date_gmt":"2017-08-22T15:28:24","guid":{"rendered":"http:\/\/192.168.10.145\/homepage\/?page_id=124"},"modified":"2017-08-24T08:32:26","modified_gmt":"2017-08-24T06:32:26","slug":"unternehmen","status":"publish","type":"page","link":"https:\/\/www.sbh.de\/?page_id=124","title":{"rendered":"Unternehmen"},"content":{"rendered":"<p>SBH &#8211; Software near You&#8230;<br \/>\nDas Unternehmen sch\u00f6pft seine Kompetenz aus einer langj\u00e4hrigen Erfahrung im IT-Bereich. Als der f\u00fchrende Anbieter betriebswirtschaftlicher Software f\u00fcr die Rollladen-, Sonnenschutz- und Torbaubranche entwickelt und vertreibt die SBH GmbH innovative und bedarfsgerechte Systeml\u00f6sungen mit flexiblen und funktionalen Leistungsmerkmalen. Diese Erfahrung und die konsequente Orientierung an den Anforderungen der Kunden sind Basis f\u00fcr eine moderne und ausgereifte Produktpalette .<\/p>\n<p>Gegr\u00fcndet wurde die SBH GmbH im Jahr 1992 von Holger Hanschmann und Michael Bickel. Anfragen aus der Rollladen-, Sonnenschutz- und Torbaubranche legten den Grundstock f\u00fcr die ersten L\u00f6sungen. Die Softwarel\u00f6sungen wurden weiterentwickelt und immer besser an die Besonderheiten der Branche und die W\u00fcnsche der Kunden angepasst. Heute hat die SBH GmbH branchenunabh\u00e4ngige Softwarel\u00f6sungen f\u00fcr Handwerk, Mittelstand und Industrie im Portfolio.<\/p>\n<p>Die Philosophie ist die gleiche geblieben: Mit anwenderfreundlichen und leistungsstarken Softwarel\u00f6sungen Gesch\u00e4ftsprozesse und Unternehmensabl\u00e4ufe optimieren &#8211; und die W\u00fcnsche und Anregungen der Kunden integrieren. Bei der umfangreichen Funktionalit\u00e4t bleiben die L\u00f6sungen jederzeit beherrschbar und \u00fcbersichtlich.<\/p>\n","protected":false},"excerpt":{"rendered":"<p>SBH &#8211; Software near You&#8230; Das Unternehmen sch\u00f6pft seine Kompetenz aus einer langj\u00e4hrigen Erfahrung im IT-Bereich. Als der f\u00fchrende Anbieter betriebswirtschaftlicher Software f\u00fcr die Rollladen-, Sonnenschutz- und Torbaubranche entwickelt und vertreibt die SBH GmbH innovative und bedarfsgerechte Systeml\u00f6sungen mit flexiblen und funktionalen Leistungsmerkmalen. Diese Erfahrung und die konsequente Orientierung an den Anforderungen der Kunden sind&hellip; <br \/> <a class=\"read-more\" href=\"https:\/\/www.sbh.de\/?page_id=124\">Weiterlesen<\/a><\/p>\n","protected":false},"author":1,"featured_media":0,"parent":0,"menu_order":0,"comment_status":"closed","ping_status":"closed","template":"","meta":{"_bbp_topic_count":0,"_bbp_reply_count":0,"_bbp_total_topic_count":0,"_bbp_total_reply_count":0,"_bbp_voice_count":0,"_bbp_anonymous_reply_count":0,"_bbp_topic_count_hidden":0,"_bbp_reply_count_hidden":0,"_bbp_forum_subforum_count":0,"ngg_post_thumbnail":0,"footnotes":""},"class_list":["post-124","page","type-page","status-publish","hentry"],"_links":{"self":[{"href":"https:\/\/www.sbh.de\/index.php?rest_route=\/wp\/v2\/pages\/124","targetHints":{"allow":["GET"]}}],"collection":[{"href":"https:\/\/www.sbh.de\/index.php?rest_route=\/wp\/v2\/pages"}],"about":[{"href":"https:\/\/www.sbh.de\/index.php?rest_route=\/wp\/v2\/types\/page"}],"author":[{"embeddable":true,"href":"https:\/\/www.sbh.de\/index.php?rest_route=\/wp\/v2\/users\/1"}],"replies":[{"embeddable":true,"href":"https:\/\/www.sbh.de\/index.php?rest_route=%2Fwp%2Fv2%2Fcomments&post=124"}],"version-history":[{"count":3,"href":"https:\/\/www.sbh.de\/index.php?rest_route=\/wp\/v2\/pages\/124\/revisions"}],"predecessor-version":[{"id":162,"href":"https:\/\/www.sbh.de\/index.php?rest_route=\/wp\/v2\/pages\/124\/revisions\/162"}],"wp:attachment":[{"href":"https:\/\/www.sbh.de\/index.php?rest_route=%2Fwp%2Fv2%2Fmedia&parent=124"}],"curies":[{"name":"wp","href":"https:\/\/api.w.org\/{rel}","templated":true}]}}