{"id":128,"date":"2017-08-22T17:29:04","date_gmt":"2017-08-22T15:29:04","guid":{"rendered":"http:\/\/192.168.10.145\/homepage\/?page_id=128"},"modified":"2018-08-27T11:10:23","modified_gmt":"2018-08-27T09:10:23","slug":"services","status":"publish","type":"page","link":"https:\/\/www.sbh.de\/?page_id=128","title":{"rendered":"Services"},"content":{"rendered":"<p>Wartungsvertr\u00e4ge<\/p>\n<p>Nachfolgend k\u00f6nnen Sie Einsicht in den Wartungsvertrag f\u00fcr die factu.32 v6 light\u00ae nehmen:&nbsp;<\/p>\n<p><a href=\"https:\/\/www.sbh.de\/test\/wp-content\/uploads\/2018\/08\/wartungsvertragfactu.32v6light.pdf\">Wartungsvertrag<\/a><\/p>\n<p>Zum Betrachten ben\u00f6tigen Sie den kostenlosen Adobe Reader.<\/p>\n","protected":false},"excerpt":{"rendered":"<p>Wartungsvertr\u00e4ge Nachfolgend k\u00f6nnen Sie Einsicht in den Wartungsvertrag f\u00fcr die factu.32 v6 light\u00ae nehmen:&nbsp; Wartungsvertrag Zum Betrachten ben\u00f6tigen Sie den kostenlosen Adobe Reader.<\/p>\n","protected":false},"author":1,"featured_media":0,"parent":0,"menu_order":0,"comment_status":"closed","ping_status":"closed","template":"","meta":{"_bbp_topic_count":0,"_bbp_reply_count":0,"_bbp_total_topic_count":0,"_bbp_total_reply_count":0,"_bbp_voice_count":0,"_bbp_anonymous_reply_count":0,"_bbp_topic_count_hidden":0,"_bbp_reply_count_hidden":0,"_bbp_forum_subforum_count":0,"ngg_post_thumbnail":0,"footnotes":""},"class_list":["post-128","page","type-page","status-publish","hentry"],"_links":{"self":[{"href":"https:\/\/www.sbh.de\/index.php?rest_route=\/wp\/v2\/pages\/128","targetHints":{"allow":["GET"]}}],"collection":[{"href":"https:\/\/www.sbh.de\/index.php?rest_route=\/wp\/v2\/pages"}],"about":[{"href":"https:\/\/www.sbh.de\/index.php?rest_route=\/wp\/v2\/types\/page"}],"author":[{"embeddable":true,"href":"https:\/\/www.sbh.de\/index.php?rest_route=\/wp\/v2\/users\/1"}],"replies":[{"embeddable":true,"href":"https:\/\/www.sbh.de\/index.php?rest_route=%2Fwp%2Fv2%2Fcomments&post=128"}],"version-history":[{"count":6,"href":"https:\/\/www.sbh.de\/index.php?rest_route=\/wp\/v2\/pages\/128\/revisions"}],"predecessor-version":[{"id":541,"href":"https:\/\/www.sbh.de\/index.php?rest_route=\/wp\/v2\/pages\/128\/revisions\/541"}],"wp:attachment":[{"href":"https:\/\/www.sbh.de\/index.php?rest_route=%2Fwp%2Fv2%2Fmedia&parent=128"}],"curies":[{"name":"wp","href":"https:\/\/api.w.org\/{rel}","templated":true}]}}