{"id":406,"date":"2018-08-26T23:20:50","date_gmt":"2018-08-26T21:20:50","guid":{"rendered":"http:\/\/192.168.19.86\/test\/?page_id=406"},"modified":"2020-02-19T08:36:57","modified_gmt":"2020-02-19T07:36:57","slug":"hotline-support-mitarbeiter-w-m","status":"publish","type":"page","link":"https:\/\/www.sbh.de\/?page_id=406","title":{"rendered":"Mitarbeiter im 1st- und 2nd- level Support  (w\/m\/d)"},"content":{"rendered":"<p><strong>Ihre T\u00e4tigkeit:<\/strong><\/p>\n<p>Sie nehmen First- und Second-Level Support-Anfragen unserer Kunden entgegen, erarbeiten mit und f\u00fcr den Kunden L\u00f6sungen und greifen dabei online auf Kundensysteme zu. Bei umfangreicheren Problemstellungen nehmen Sie hierbei R\u00fccksprache mit den Produktentwicklern.&nbsp;<\/p>\n<p><strong>Ihr Profil:<\/strong><\/p>\n<ul>\n<li>Sie kennen sich perfekt unter den Microsoft Windows Betriebssystemen aus und beherrschen g\u00e4ngige Office-Programme.<\/li>\n<li>SQL-Datenbanken sind Ihnen nicht fremd. Hier haben Sie bereits Erfahrungen mit dem MS-SQL-Server in Einrichtung und Administration sammeln k\u00f6nnen.<\/li>\n<li>Gute englische Sprachkenntnisse sind von Vorteil.<\/li>\n<li>Sie behalten auch in stressigen Situationen den \u00dcberblick und haben Freude am Umgang und der Kommunikation mit Menschen.<\/li>\n<li>Bevorzugt haben Sie eine abgeschlossene Ausbildung im IT-Bereich, jedoch ist die Stelle auch f\u00fcr Quereinsteiger geeignet.<\/li>\n<\/ul>\n<p><strong>Was wir Ihnen bieten:<\/strong><\/p>\n<p>Neben einem abwechslungsreichen Job, welcher Freir\u00e4ume f\u00fcr die Entwicklung von eigenverantwortlichen und kreativen L\u00f6sungen zul\u00e4sst, eine leistungsgerechte Verg\u00fctungsstruktur und innerbetriebliche Aufstiegsm\u00f6glichkeiten.&nbsp;<\/p>\n<p>Wir freuen uns \u00fcber Ihre ausf\u00fchrlichen Bewerbungsunterlagen inkl. Lebenslauf und Gehaltsvorstellungen.&nbsp;<\/p>\n<p><em>SBH GmbH<br \/>\nz. Hd. Herrn Weigold<br \/>\nAm Hardtwald 9<br \/>\n76275 Ettlingen<br \/>\n<a href=\"mailto:bewerbung@sbh.de?Subject=Bewerbung%20auf%20Ihre%20Anzeige%20bei%20Jobs.de:%20%E2%80%9CSupport-Mitarbeiter%20f%C3%BCr%201st\/2nd%20Level%20Support%20(m\/w)%E2%80%9D\">bewerbung@sbh.de<\/a><\/em><\/p>\n","protected":false},"excerpt":{"rendered":"<p>Ihre T\u00e4tigkeit: Sie nehmen First- und Second-Level Support-Anfragen unserer Kunden entgegen, erarbeiten mit und f\u00fcr den Kunden L\u00f6sungen und greifen dabei online auf Kundensysteme zu. Bei umfangreicheren Problemstellungen nehmen Sie hierbei R\u00fccksprache mit den Produktentwicklern.&nbsp; Ihr Profil: Sie kennen sich perfekt unter den Microsoft Windows Betriebssystemen aus und beherrschen g\u00e4ngige Office-Programme. SQL-Datenbanken sind Ihnen nicht&hellip; <br \/> <a class=\"read-more\" href=\"https:\/\/www.sbh.de\/?page_id=406\">Weiterlesen<\/a><\/p>\n","protected":false},"author":1,"featured_media":0,"parent":0,"menu_order":0,"comment_status":"closed","ping_status":"closed","template":"","meta":{"_bbp_topic_count":0,"_bbp_reply_count":0,"_bbp_total_topic_count":0,"_bbp_total_reply_count":0,"_bbp_voice_count":0,"_bbp_anonymous_reply_count":0,"_bbp_topic_count_hidden":0,"_bbp_reply_count_hidden":0,"_bbp_forum_subforum_count":0,"ngg_post_thumbnail":0,"footnotes":""},"class_list":["post-406","page","type-page","status-publish","hentry"],"_links":{"self":[{"href":"https:\/\/www.sbh.de\/index.php?rest_route=\/wp\/v2\/pages\/406","targetHints":{"allow":["GET"]}}],"collection":[{"href":"https:\/\/www.sbh.de\/index.php?rest_route=\/wp\/v2\/pages"}],"about":[{"href":"https:\/\/www.sbh.de\/index.php?rest_route=\/wp\/v2\/types\/page"}],"author":[{"embeddable":true,"href":"https:\/\/www.sbh.de\/index.php?rest_route=\/wp\/v2\/users\/1"}],"replies":[{"embeddable":true,"href":"https:\/\/www.sbh.de\/index.php?rest_route=%2Fwp%2Fv2%2Fcomments&post=406"}],"version-history":[{"count":5,"href":"https:\/\/www.sbh.de\/index.php?rest_route=\/wp\/v2\/pages\/406\/revisions"}],"predecessor-version":[{"id":1242,"href":"https:\/\/www.sbh.de\/index.php?rest_route=\/wp\/v2\/pages\/406\/revisions\/1242"}],"wp:attachment":[{"href":"https:\/\/www.sbh.de\/index.php?rest_route=%2Fwp%2Fv2%2Fmedia&parent=406"}],"curies":[{"name":"wp","href":"https:\/\/api.w.org\/{rel}","templated":true}]}}