{"id":526,"date":"2018-08-27T10:41:38","date_gmt":"2018-08-27T08:41:38","guid":{"rendered":"http:\/\/192.168.19.86\/test\/?page_id=526"},"modified":"2024-12-17T08:19:58","modified_gmt":"2024-12-17T07:19:58","slug":"factu-32-v6","status":"publish","type":"page","link":"https:\/\/www.sbh.de\/?page_id=526","title":{"rendered":"factu.32 v6"},"content":{"rendered":"<p>Mit der Vollversion factu.32 v6 \u00ae erhalten Sie ein Warenwirtschaftssystem, mit dem Sie all Ihre t\u00e4glichen Arbeiten abdecken k\u00f6nnen.<\/p>\n<p>Die M\u00f6glichkeiten gehen jedoch weit \u00fcber das Schreiben von Angeboten und Rechnungen hinaus.<\/p>\n<p>Nachfolgend eine kurze Zusammenstellung der&nbsp;wesentlichen Funktionen:<\/p>\n<p>&nbsp;<\/p>\n<p>factu.32 v6 \u00ae beinhaltet unter anderem:<\/p>\n<ul>\n<li><a href=\"https:\/\/www.sbh.de\/?page_id=843\">Kundenkontakt-Management (CRM)<\/a><\/li>\n<li><a href=\"https:\/\/www.sbh.de\/?page_id=848\">Dokumentverwaltung mit integrierter Textverarbeitung<\/a><\/li>\n<li>Ansteuerung mehrerer Druckersch\u00e4chte pro Dokument, Andruck Wasserzeichen (Kopie)<\/li>\n<li><a href=\"https:\/\/www.sbh.de\/?page_id=853\">Bilder, Briefe, Dateien, E-Mails, Faxe sind an jede Adresse und jedes Dokument anh\u00e4ngbar<\/a><\/li>\n<li><a href=\"https:\/\/www.sbh.de\/?page_id=862\">Produktkonfigurator\/ St\u00fccklistenerstellung (Plausibilisierung der Varianten)<\/a><\/li>\n<li>Positionsassistent bei Dokumenterfassung<\/li>\n<li>Sonderpreise u.a. auf Debitorenebene<\/li>\n<li><a href=\"https:\/\/www.sbh.de\/?page_id=874\">Bestellwesen, Warenbewegung und Lagerverwaltung (Materialwirtschaft)<\/a><\/li>\n<li>Terminkalender (Outlook-\u00e4hnliches Look-and-feel)<\/li>\n<li><a href=\"https:\/\/www.sbh.de\/?page_id=882\">Provisionsmanagement<\/a><\/li>\n<li>Bankmodul (Drucken von \u00dcberweisungen, Lastschriften, Schecks, SEPA-Export)<\/li>\n<li>FiBu-Schnittstellen (DATEV (OBE und KNE, ASCII), EuroFibu, IBM, Taylorix, RZL-FiBu)<\/li>\n<li>OP-Verwaltung inkl. Mahnwesen und Akonto-Erstellung<\/li>\n<li>Rechnungseingangserfassung<\/li>\n<li>Reklamationsmanagement<\/li>\n<li>vielf\u00e4ltige Statistik- und Auswertungsfunktionen<\/li>\n<li>Datenimport und -export \u00fcber XML-Schnittstelle<\/li>\n<li>\u2026 und vieles mehr\u2026<\/li>\n<\/ul>\n<p>Zudem bietet sie die Basis f\u00fcr unsere Zusatzmodule wie z.B. das Personal-Management oder die Service-Verplanung.<\/p>\n<p><a href=\"https:\/\/www.sbh.de\/wp-content\/uploads\/2018\/05\/folderfactu.32v6.pdf\" target=\"_blank\" rel=\"noopener noreferrer\">Folder factu32. v6<\/a><\/p>\n<p><a href=\"https:\/\/www.sbh.de\/wp-content\/uploads\/2019\/10\/SBH-Beileger-V3.pdf\">Beileger<\/a><\/p>\n<p><a href=\"https:\/\/www.sbh.de\/wp-content\/uploads\/2024\/12\/factu.32-v6-Systemvoraussetzungen_2024.pdf\">factu.32 v6 Systemvoraussetzungen<\/a><\/p>\n<p><a href=\"https:\/\/www.sbh.de\/wp-content\/uploads\/2023\/11\/Preisliste_v6_2023.pdf\">Preisliste<\/a><\/p>\n<p>&nbsp;<\/p>\n","protected":false},"excerpt":{"rendered":"<p>Mit der Vollversion factu.32 v6 \u00ae erhalten Sie ein Warenwirtschaftssystem, mit dem Sie all Ihre t\u00e4glichen Arbeiten abdecken k\u00f6nnen. Die M\u00f6glichkeiten gehen jedoch weit \u00fcber das Schreiben von Angeboten und Rechnungen hinaus. Nachfolgend eine kurze Zusammenstellung der&nbsp;wesentlichen Funktionen: &nbsp; factu.32 v6 \u00ae beinhaltet unter anderem: Kundenkontakt-Management (CRM) Dokumentverwaltung mit integrierter Textverarbeitung Ansteuerung mehrerer Druckersch\u00e4chte pro&hellip; <br \/> <a class=\"read-more\" href=\"https:\/\/www.sbh.de\/?page_id=526\">Weiterlesen<\/a><\/p>\n","protected":false},"author":1,"featured_media":0,"parent":0,"menu_order":0,"comment_status":"closed","ping_status":"closed","template":"","meta":{"_bbp_topic_count":0,"_bbp_reply_count":0,"_bbp_total_topic_count":0,"_bbp_total_reply_count":0,"_bbp_voice_count":0,"_bbp_anonymous_reply_count":0,"_bbp_topic_count_hidden":0,"_bbp_reply_count_hidden":0,"_bbp_forum_subforum_count":0,"ngg_post_thumbnail":0,"footnotes":""},"class_list":["post-526","page","type-page","status-publish","hentry"],"_links":{"self":[{"href":"https:\/\/www.sbh.de\/index.php?rest_route=\/wp\/v2\/pages\/526","targetHints":{"allow":["GET"]}}],"collection":[{"href":"https:\/\/www.sbh.de\/index.php?rest_route=\/wp\/v2\/pages"}],"about":[{"href":"https:\/\/www.sbh.de\/index.php?rest_route=\/wp\/v2\/types\/page"}],"author":[{"embeddable":true,"href":"https:\/\/www.sbh.de\/index.php?rest_route=\/wp\/v2\/users\/1"}],"replies":[{"embeddable":true,"href":"https:\/\/www.sbh.de\/index.php?rest_route=%2Fwp%2Fv2%2Fcomments&post=526"}],"version-history":[{"count":22,"href":"https:\/\/www.sbh.de\/index.php?rest_route=\/wp\/v2\/pages\/526\/revisions"}],"predecessor-version":[{"id":1707,"href":"https:\/\/www.sbh.de\/index.php?rest_route=\/wp\/v2\/pages\/526\/revisions\/1707"}],"wp:attachment":[{"href":"https:\/\/www.sbh.de\/index.php?rest_route=%2Fwp%2Fv2%2Fmedia&parent=526"}],"curies":[{"name":"wp","href":"https:\/\/api.w.org\/{rel}","templated":true}]}}