{"id":534,"date":"2018-08-27T10:59:58","date_gmt":"2018-08-27T08:59:58","guid":{"rendered":"http:\/\/192.168.19.86\/test\/?page_id=534"},"modified":"2018-09-17T07:42:29","modified_gmt":"2018-09-17T05:42:29","slug":"helix","status":"publish","type":"page","link":"https:\/\/www.sbh.de\/?page_id=534","title":{"rendered":"helix"},"content":{"rendered":"<p>helix \u00ae ist f\u00fcr unsere Industrie und Fertigungskunden gedacht und bietet die selben M\u00f6glichkeiten wie auch die Vollversion factu.32 v6, dar\u00fcber hinaus&nbsp;noch vieles mehr.<\/p>\n<p>&nbsp;helix \u00ae beinhaltet unter anderem:<\/p>\n<ul>\n<li>Kundenkontakt-Management (CRM)<\/li>\n<li>Dokumentverwaltung mit integrierter Textverarbeitung<\/li>\n<li>Ansteuerung mehrerer Druckersch\u00e4chte pro Dokument, Andruck Wasserzeichen (Kopie)<\/li>\n<li>Bilder, Briefe, Dateien, E-Mails, Faxe sind an jede Adresse und jedes Dokument anh\u00e4ngbar<\/li>\n<li>Produktkonfigurator\/ St\u00fccklistenerstellung (Plausibilisierung der Varianten)<\/li>\n<li>Positionsassistent bei Dokumenterfassung<\/li>\n<li>Sonderpreise u.a. auf Debitorenebene<\/li>\n<li>Bestellwesen, Warenbewegung und Lagerverwaltung (Materialwirtschaft)<\/li>\n<li>Terminkalender (Outlook-\u00e4hnliches Look-and-feel)<\/li>\n<\/ul>\n","protected":false},"excerpt":{"rendered":"<p>helix \u00ae ist f\u00fcr unsere Industrie und Fertigungskunden gedacht und bietet die selben M\u00f6glichkeiten wie auch die Vollversion factu.32 v6, dar\u00fcber hinaus&nbsp;noch vieles mehr. &nbsp;helix \u00ae beinhaltet unter anderem: Kundenkontakt-Management (CRM) Dokumentverwaltung mit integrierter Textverarbeitung Ansteuerung mehrerer Druckersch\u00e4chte pro Dokument, Andruck Wasserzeichen (Kopie) Bilder, Briefe, Dateien, E-Mails, Faxe sind an jede Adresse und jedes Dokument&hellip; <br \/> <a class=\"read-more\" href=\"https:\/\/www.sbh.de\/?page_id=534\">Weiterlesen<\/a><\/p>\n","protected":false},"author":1,"featured_media":0,"parent":0,"menu_order":0,"comment_status":"closed","ping_status":"closed","template":"","meta":{"_bbp_topic_count":0,"_bbp_reply_count":0,"_bbp_total_topic_count":0,"_bbp_total_reply_count":0,"_bbp_voice_count":0,"_bbp_anonymous_reply_count":0,"_bbp_topic_count_hidden":0,"_bbp_reply_count_hidden":0,"_bbp_forum_subforum_count":0,"ngg_post_thumbnail":0,"footnotes":""},"class_list":["post-534","page","type-page","status-publish","hentry"],"_links":{"self":[{"href":"https:\/\/www.sbh.de\/index.php?rest_route=\/wp\/v2\/pages\/534","targetHints":{"allow":["GET"]}}],"collection":[{"href":"https:\/\/www.sbh.de\/index.php?rest_route=\/wp\/v2\/pages"}],"about":[{"href":"https:\/\/www.sbh.de\/index.php?rest_route=\/wp\/v2\/types\/page"}],"author":[{"embeddable":true,"href":"https:\/\/www.sbh.de\/index.php?rest_route=\/wp\/v2\/users\/1"}],"replies":[{"embeddable":true,"href":"https:\/\/www.sbh.de\/index.php?rest_route=%2Fwp%2Fv2%2Fcomments&post=534"}],"version-history":[{"count":3,"href":"https:\/\/www.sbh.de\/index.php?rest_route=\/wp\/v2\/pages\/534\/revisions"}],"predecessor-version":[{"id":717,"href":"https:\/\/www.sbh.de\/index.php?rest_route=\/wp\/v2\/pages\/534\/revisions\/717"}],"wp:attachment":[{"href":"https:\/\/www.sbh.de\/index.php?rest_route=%2Fwp%2Fv2%2Fmedia&parent=534"}],"curies":[{"name":"wp","href":"https:\/\/api.w.org\/{rel}","templated":true}]}}