{"id":843,"date":"2018-09-17T14:16:34","date_gmt":"2018-09-17T12:16:34","guid":{"rendered":"http:\/\/www.sbh.de\/?page_id=843"},"modified":"2018-09-17T14:16:34","modified_gmt":"2018-09-17T12:16:34","slug":"kundenkontakt-management-crm","status":"publish","type":"page","link":"https:\/\/www.sbh.de\/?page_id=843","title":{"rendered":"Kundenkontakt-Management (CRM)"},"content":{"rendered":"<p>factu.32 v6 verf\u00fcgen mit dem CRM \u00fcber ein ausgefeiltes Kundenkontaktsystem.<br \/>\nDieses erlaubt die Verwaltung aller kundenbezogenen Informationen in transparenter Form.<br \/>\nSo haben Sie jederzeit einen \u00dcberblick \u00fcber s\u00e4mtliche Vorg\u00e4nge eines Kunden.<br \/>\nMit der Anruferkennung \u00f6ffnet sich bei einem Kundenanruf automatisch dessen Historie.<\/p>\n<p><a href=\"https:\/\/www.sbh.de\/wp-content\/uploads\/2018\/09\/CRM.jpg\" target=\"_blank\" rel=\"noopener\"><img loading=\"lazy\" decoding=\"async\" class=\"alignleft wp-image-797 size-full\" src=\"https:\/\/www.sbh.de\/wp-content\/uploads\/2018\/09\/CRM.jpg\" alt=\"\" width=\"1706\" height=\"1066\" srcset=\"https:\/\/www.sbh.de\/wp-content\/uploads\/2018\/09\/CRM.jpg 1706w, https:\/\/www.sbh.de\/wp-content\/uploads\/2018\/09\/CRM-300x187.jpg 300w, https:\/\/www.sbh.de\/wp-content\/uploads\/2018\/09\/CRM-768x480.jpg 768w, https:\/\/www.sbh.de\/wp-content\/uploads\/2018\/09\/CRM-700x437.jpg 700w, https:\/\/www.sbh.de\/wp-content\/uploads\/2018\/09\/CRM-200x125.jpg 200w\" sizes=\"auto, (max-width: 1706px) 100vw, 1706px\" \/><\/a><\/p>\n<p>&nbsp;<\/p>\n","protected":false},"excerpt":{"rendered":"<p>factu.32 v6 verf\u00fcgen mit dem CRM \u00fcber ein ausgefeiltes Kundenkontaktsystem. Dieses erlaubt die Verwaltung aller kundenbezogenen Informationen in transparenter Form. So haben Sie jederzeit einen \u00dcberblick \u00fcber s\u00e4mtliche Vorg\u00e4nge eines Kunden. Mit der Anruferkennung \u00f6ffnet sich bei einem Kundenanruf automatisch dessen Historie. &nbsp;<\/p>\n","protected":false},"author":1,"featured_media":0,"parent":0,"menu_order":0,"comment_status":"closed","ping_status":"closed","template":"","meta":{"_bbp_topic_count":0,"_bbp_reply_count":0,"_bbp_total_topic_count":0,"_bbp_total_reply_count":0,"_bbp_voice_count":0,"_bbp_anonymous_reply_count":0,"_bbp_topic_count_hidden":0,"_bbp_reply_count_hidden":0,"_bbp_forum_subforum_count":0,"ngg_post_thumbnail":0,"footnotes":""},"class_list":["post-843","page","type-page","status-publish","hentry"],"_links":{"self":[{"href":"https:\/\/www.sbh.de\/index.php?rest_route=\/wp\/v2\/pages\/843","targetHints":{"allow":["GET"]}}],"collection":[{"href":"https:\/\/www.sbh.de\/index.php?rest_route=\/wp\/v2\/pages"}],"about":[{"href":"https:\/\/www.sbh.de\/index.php?rest_route=\/wp\/v2\/types\/page"}],"author":[{"embeddable":true,"href":"https:\/\/www.sbh.de\/index.php?rest_route=\/wp\/v2\/users\/1"}],"replies":[{"embeddable":true,"href":"https:\/\/www.sbh.de\/index.php?rest_route=%2Fwp%2Fv2%2Fcomments&post=843"}],"version-history":[{"count":1,"href":"https:\/\/www.sbh.de\/index.php?rest_route=\/wp\/v2\/pages\/843\/revisions"}],"predecessor-version":[{"id":844,"href":"https:\/\/www.sbh.de\/index.php?rest_route=\/wp\/v2\/pages\/843\/revisions\/844"}],"wp:attachment":[{"href":"https:\/\/www.sbh.de\/index.php?rest_route=%2Fwp%2Fv2%2Fmedia&parent=843"}],"curies":[{"name":"wp","href":"https:\/\/api.w.org\/{rel}","templated":true}]}}