{"id":848,"date":"2018-09-17T14:30:34","date_gmt":"2018-09-17T12:30:34","guid":{"rendered":"http:\/\/www.sbh.de\/?page_id=848"},"modified":"2018-09-17T15:01:42","modified_gmt":"2018-09-17T13:01:42","slug":"dokumentverwaltung-mit-integrierter-textverarbeitung","status":"publish","type":"page","link":"https:\/\/www.sbh.de\/?page_id=848","title":{"rendered":"Dokumentverwaltung mit integrierter Textverarbeitung"},"content":{"rendered":"<p>factu.32 v6 erlaubt das m\u00e4chtige Dokumentmanagement individuelle und technisch ausgefeilte Darstellungen von Grafiken und Texten.<br \/>\nVielf\u00e4ltige Suchfunktionen erm\u00f6glichen ein schnelles Auffinden einzelner Dokumente.<br \/>\nAn die einzelnen Dokumente lassen sich beliebige Dateien und EMails anh\u00e4ngen, wodurch Sie alle relevanten Unterlagen \u00fcber die jeweiligen Dokumente im Zugriff haben.<br \/>\nOptionale Funktionen wie automatisches<br \/>\nWandeln, Drucken und Archivieren von Dokumenten entlasten den Anwender im Tagesgesch\u00e4ft.<\/p>\n<p>&nbsp;<\/p>\n","protected":false},"excerpt":{"rendered":"<p>factu.32 v6 erlaubt das m\u00e4chtige Dokumentmanagement individuelle und technisch ausgefeilte Darstellungen von Grafiken und Texten. Vielf\u00e4ltige Suchfunktionen erm\u00f6glichen ein schnelles Auffinden einzelner Dokumente. An die einzelnen Dokumente lassen sich beliebige Dateien und EMails anh\u00e4ngen, wodurch Sie alle relevanten Unterlagen \u00fcber die jeweiligen Dokumente im Zugriff haben. Optionale Funktionen wie automatisches Wandeln, Drucken und Archivieren von&hellip; <br \/> <a class=\"read-more\" href=\"https:\/\/www.sbh.de\/?page_id=848\">Weiterlesen<\/a><\/p>\n","protected":false},"author":1,"featured_media":0,"parent":0,"menu_order":0,"comment_status":"closed","ping_status":"closed","template":"","meta":{"_bbp_topic_count":0,"_bbp_reply_count":0,"_bbp_total_topic_count":0,"_bbp_total_reply_count":0,"_bbp_voice_count":0,"_bbp_anonymous_reply_count":0,"_bbp_topic_count_hidden":0,"_bbp_reply_count_hidden":0,"_bbp_forum_subforum_count":0,"ngg_post_thumbnail":0,"footnotes":""},"class_list":["post-848","page","type-page","status-publish","hentry"],"_links":{"self":[{"href":"https:\/\/www.sbh.de\/index.php?rest_route=\/wp\/v2\/pages\/848","targetHints":{"allow":["GET"]}}],"collection":[{"href":"https:\/\/www.sbh.de\/index.php?rest_route=\/wp\/v2\/pages"}],"about":[{"href":"https:\/\/www.sbh.de\/index.php?rest_route=\/wp\/v2\/types\/page"}],"author":[{"embeddable":true,"href":"https:\/\/www.sbh.de\/index.php?rest_route=\/wp\/v2\/users\/1"}],"replies":[{"embeddable":true,"href":"https:\/\/www.sbh.de\/index.php?rest_route=%2Fwp%2Fv2%2Fcomments&post=848"}],"version-history":[{"count":3,"href":"https:\/\/www.sbh.de\/index.php?rest_route=\/wp\/v2\/pages\/848\/revisions"}],"predecessor-version":[{"id":872,"href":"https:\/\/www.sbh.de\/index.php?rest_route=\/wp\/v2\/pages\/848\/revisions\/872"}],"wp:attachment":[{"href":"https:\/\/www.sbh.de\/index.php?rest_route=%2Fwp%2Fv2%2Fmedia&parent=848"}],"curies":[{"name":"wp","href":"https:\/\/api.w.org\/{rel}","templated":true}]}}