{"id":862,"date":"2018-09-17T14:59:21","date_gmt":"2018-09-17T12:59:21","guid":{"rendered":"http:\/\/www.sbh.de\/?page_id=862"},"modified":"2018-09-17T15:00:06","modified_gmt":"2018-09-17T13:00:06","slug":"produktkonfigurator-stuecklistenerstellung-plausibilisierung-der-varianten","status":"publish","type":"page","link":"https:\/\/www.sbh.de\/?page_id=862","title":{"rendered":"Produktkonfigurator\/ St\u00fccklistenerstellung (Plausibilisierung der Varianten)"},"content":{"rendered":"<p>In factu.32 v6 enthalten leistungsf\u00e4hige Produktkonfiguratoren zur Erstellung eigener Plausibilisierungs-Masken<br \/>\nf\u00fcr die Kalkulation von statischen und dynamischen St\u00fccklisten sowie Zubeh\u00f6r und Aufpreisen.<br \/>\nDie Plausibilisierungen erm\u00f6glichen umfassende Pr\u00fcfungen, welche die Baubarkeit der konfigurierten Produkte sicherstellen.<br \/>\nAuf dieser Basis lassen sich auch alle fertigungsrelevanten Daten erzeugen und an die Produktion \u00fcbergeben<\/p>\n<p><a href=\"https:\/\/www.sbh.de\/wp-content\/uploads\/2018\/09\/St\u00fccklisten1.jpg\" target=\"_blank\" rel=\"noopener\"><img loading=\"lazy\" decoding=\"async\" class=\"alignleft wp-image-803 size-full\" src=\"https:\/\/www.sbh.de\/wp-content\/uploads\/2018\/09\/St\u00fccklisten1.jpg\" alt=\"\" width=\"996\" height=\"989\" srcset=\"https:\/\/www.sbh.de\/wp-content\/uploads\/2018\/09\/St\u00fccklisten1.jpg 996w, https:\/\/www.sbh.de\/wp-content\/uploads\/2018\/09\/St\u00fccklisten1-100x100.jpg 100w, https:\/\/www.sbh.de\/wp-content\/uploads\/2018\/09\/St\u00fccklisten1-300x298.jpg 300w, https:\/\/www.sbh.de\/wp-content\/uploads\/2018\/09\/St\u00fccklisten1-768x763.jpg 768w, https:\/\/www.sbh.de\/wp-content\/uploads\/2018\/09\/St\u00fccklisten1-700x695.jpg 700w, https:\/\/www.sbh.de\/wp-content\/uploads\/2018\/09\/St\u00fccklisten1-200x200.jpg 200w\" sizes=\"auto, (max-width: 996px) 100vw, 996px\" \/><\/a><a href=\"https:\/\/www.sbh.de\/wp-content\/uploads\/2018\/09\/St\u00fccklisten2.jpg\" target=\"_blank\" rel=\"noopener\"><img loading=\"lazy\" decoding=\"async\" class=\"alignleft wp-image-864 size-full\" src=\"https:\/\/www.sbh.de\/wp-content\/uploads\/2018\/09\/St\u00fccklisten2.jpg\" alt=\"\" width=\"518\" height=\"863\" srcset=\"https:\/\/www.sbh.de\/wp-content\/uploads\/2018\/09\/St\u00fccklisten2.jpg 518w, https:\/\/www.sbh.de\/wp-content\/uploads\/2018\/09\/St\u00fccklisten2-180x300.jpg 180w, https:\/\/www.sbh.de\/wp-content\/uploads\/2018\/09\/St\u00fccklisten2-120x200.jpg 120w\" sizes=\"auto, (max-width: 518px) 100vw, 518px\" \/><\/a><a href=\"https:\/\/www.sbh.de\/wp-content\/uploads\/2018\/09\/St\u00fccklisten5.jpg\" target=\"_blank\" rel=\"noopener\"><img loading=\"lazy\" decoding=\"async\" class=\"alignleft wp-image-867 size-full\" src=\"https:\/\/www.sbh.de\/wp-content\/uploads\/2018\/09\/St\u00fccklisten5.jpg\" alt=\"\" width=\"1159\" height=\"703\" srcset=\"https:\/\/www.sbh.de\/wp-content\/uploads\/2018\/09\/St\u00fccklisten5.jpg 1159w, https:\/\/www.sbh.de\/wp-content\/uploads\/2018\/09\/St\u00fccklisten5-300x182.jpg 300w, https:\/\/www.sbh.de\/wp-content\/uploads\/2018\/09\/St\u00fccklisten5-768x466.jpg 768w, https:\/\/www.sbh.de\/wp-content\/uploads\/2018\/09\/St\u00fccklisten5-700x425.jpg 700w, https:\/\/www.sbh.de\/wp-content\/uploads\/2018\/09\/St\u00fccklisten5-200x121.jpg 200w\" sizes=\"auto, (max-width: 1159px) 100vw, 1159px\" \/><\/a><a href=\"https:\/\/www.sbh.de\/wp-content\/uploads\/2018\/09\/St\u00fccklisten4.jpg\" target=\"_blank\" rel=\"noopener\"><img loading=\"lazy\" decoding=\"async\" class=\"alignleft wp-image-866 size-full\" src=\"https:\/\/www.sbh.de\/wp-content\/uploads\/2018\/09\/St\u00fccklisten4.jpg\" alt=\"\" width=\"1383\" height=\"990\" srcset=\"https:\/\/www.sbh.de\/wp-content\/uploads\/2018\/09\/St\u00fccklisten4.jpg 1383w, https:\/\/www.sbh.de\/wp-content\/uploads\/2018\/09\/St\u00fccklisten4-300x215.jpg 300w, https:\/\/www.sbh.de\/wp-content\/uploads\/2018\/09\/St\u00fccklisten4-768x550.jpg 768w, https:\/\/www.sbh.de\/wp-content\/uploads\/2018\/09\/St\u00fccklisten4-700x501.jpg 700w, https:\/\/www.sbh.de\/wp-content\/uploads\/2018\/09\/St\u00fccklisten4-200x143.jpg 200w\" sizes=\"auto, (max-width: 1383px) 100vw, 1383px\" \/><\/a>&nbsp;<\/p>\n","protected":false},"excerpt":{"rendered":"<p>In factu.32 v6 enthalten leistungsf\u00e4hige Produktkonfiguratoren zur Erstellung eigener Plausibilisierungs-Masken f\u00fcr die Kalkulation von statischen und dynamischen St\u00fccklisten sowie Zubeh\u00f6r und Aufpreisen. Die Plausibilisierungen erm\u00f6glichen umfassende Pr\u00fcfungen, welche die Baubarkeit der konfigurierten Produkte sicherstellen. Auf dieser Basis lassen sich auch alle fertigungsrelevanten Daten erzeugen und an die Produktion \u00fcbergeben &nbsp;<\/p>\n","protected":false},"author":1,"featured_media":0,"parent":0,"menu_order":0,"comment_status":"closed","ping_status":"closed","template":"","meta":{"_bbp_topic_count":0,"_bbp_reply_count":0,"_bbp_total_topic_count":0,"_bbp_total_reply_count":0,"_bbp_voice_count":0,"_bbp_anonymous_reply_count":0,"_bbp_topic_count_hidden":0,"_bbp_reply_count_hidden":0,"_bbp_forum_subforum_count":0,"ngg_post_thumbnail":0,"footnotes":""},"class_list":["post-862","page","type-page","status-publish","hentry"],"_links":{"self":[{"href":"https:\/\/www.sbh.de\/index.php?rest_route=\/wp\/v2\/pages\/862","targetHints":{"allow":["GET"]}}],"collection":[{"href":"https:\/\/www.sbh.de\/index.php?rest_route=\/wp\/v2\/pages"}],"about":[{"href":"https:\/\/www.sbh.de\/index.php?rest_route=\/wp\/v2\/types\/page"}],"author":[{"embeddable":true,"href":"https:\/\/www.sbh.de\/index.php?rest_route=\/wp\/v2\/users\/1"}],"replies":[{"embeddable":true,"href":"https:\/\/www.sbh.de\/index.php?rest_route=%2Fwp%2Fv2%2Fcomments&post=862"}],"version-history":[{"count":3,"href":"https:\/\/www.sbh.de\/index.php?rest_route=\/wp\/v2\/pages\/862\/revisions"}],"predecessor-version":[{"id":870,"href":"https:\/\/www.sbh.de\/index.php?rest_route=\/wp\/v2\/pages\/862\/revisions\/870"}],"wp:attachment":[{"href":"https:\/\/www.sbh.de\/index.php?rest_route=%2Fwp%2Fv2%2Fmedia&parent=862"}],"curies":[{"name":"wp","href":"https:\/\/api.w.org\/{rel}","templated":true}]}}