{"id":882,"date":"2018-09-17T15:10:43","date_gmt":"2018-09-17T13:10:43","guid":{"rendered":"http:\/\/www.sbh.de\/?page_id=882"},"modified":"2018-09-17T15:10:43","modified_gmt":"2018-09-17T13:10:43","slug":"provisionsmanagement","status":"publish","type":"page","link":"https:\/\/www.sbh.de\/?page_id=882","title":{"rendered":"Provisionsmanagement"},"content":{"rendered":"<p>factu.32 v6 stellt mit dem Provisionsmanagement ein hilfreiches Werkzeug zur Verg\u00fctung der vertrieblichen Leistungen Ihrer Mitarbeiter bereit.<br \/>\nSo lassen sich beliebige Provisionss\u00e4tze f\u00fcr die jeweiligen Mitarbeiter kunden-, artikel- und warengruppenbezogen pflegen und<br \/>\nsomit f\u00fcr get\u00e4tigte Ums\u00e4tze die Provisionen auf Knopfdruck automatisch berechnen.<\/p>\n<p><a href=\"https:\/\/www.sbh.de\/wp-content\/uploads\/2018\/09\/Provisionsmanagement.jpg\" target=\"_blank\" rel=\"noopener\"><img loading=\"lazy\" decoding=\"async\" class=\"alignleft wp-image-811 size-full\" src=\"https:\/\/www.sbh.de\/wp-content\/uploads\/2018\/09\/Provisionsmanagement.jpg\" alt=\"\" width=\"1455\" height=\"1031\" srcset=\"https:\/\/www.sbh.de\/wp-content\/uploads\/2018\/09\/Provisionsmanagement.jpg 1455w, https:\/\/www.sbh.de\/wp-content\/uploads\/2018\/09\/Provisionsmanagement-300x213.jpg 300w, https:\/\/www.sbh.de\/wp-content\/uploads\/2018\/09\/Provisionsmanagement-768x544.jpg 768w, https:\/\/www.sbh.de\/wp-content\/uploads\/2018\/09\/Provisionsmanagement-700x496.jpg 700w, https:\/\/www.sbh.de\/wp-content\/uploads\/2018\/09\/Provisionsmanagement-200x142.jpg 200w\" sizes=\"auto, (max-width: 1455px) 100vw, 1455px\" \/><\/a><\/p>\n","protected":false},"excerpt":{"rendered":"<p>factu.32 v6 stellt mit dem Provisionsmanagement ein hilfreiches Werkzeug zur Verg\u00fctung der vertrieblichen Leistungen Ihrer Mitarbeiter bereit. So lassen sich beliebige Provisionss\u00e4tze f\u00fcr die jeweiligen Mitarbeiter kunden-, artikel- und warengruppenbezogen pflegen und somit f\u00fcr get\u00e4tigte Ums\u00e4tze die Provisionen auf Knopfdruck automatisch berechnen.<\/p>\n","protected":false},"author":1,"featured_media":0,"parent":0,"menu_order":0,"comment_status":"closed","ping_status":"closed","template":"","meta":{"_bbp_topic_count":0,"_bbp_reply_count":0,"_bbp_total_topic_count":0,"_bbp_total_reply_count":0,"_bbp_voice_count":0,"_bbp_anonymous_reply_count":0,"_bbp_topic_count_hidden":0,"_bbp_reply_count_hidden":0,"_bbp_forum_subforum_count":0,"ngg_post_thumbnail":0,"footnotes":""},"class_list":["post-882","page","type-page","status-publish","hentry"],"_links":{"self":[{"href":"https:\/\/www.sbh.de\/index.php?rest_route=\/wp\/v2\/pages\/882","targetHints":{"allow":["GET"]}}],"collection":[{"href":"https:\/\/www.sbh.de\/index.php?rest_route=\/wp\/v2\/pages"}],"about":[{"href":"https:\/\/www.sbh.de\/index.php?rest_route=\/wp\/v2\/types\/page"}],"author":[{"embeddable":true,"href":"https:\/\/www.sbh.de\/index.php?rest_route=\/wp\/v2\/users\/1"}],"replies":[{"embeddable":true,"href":"https:\/\/www.sbh.de\/index.php?rest_route=%2Fwp%2Fv2%2Fcomments&post=882"}],"version-history":[{"count":2,"href":"https:\/\/www.sbh.de\/index.php?rest_route=\/wp\/v2\/pages\/882\/revisions"}],"predecessor-version":[{"id":885,"href":"https:\/\/www.sbh.de\/index.php?rest_route=\/wp\/v2\/pages\/882\/revisions\/885"}],"wp:attachment":[{"href":"https:\/\/www.sbh.de\/index.php?rest_route=%2Fwp%2Fv2%2Fmedia&parent=882"}],"curies":[{"name":"wp","href":"https:\/\/api.w.org\/{rel}","templated":true}]}}