{"id":909,"date":"2018-09-20T14:41:08","date_gmt":"2018-09-20T12:41:08","guid":{"rendered":"https:\/\/www.sbh.de\/?page_id=909"},"modified":"2018-09-20T14:41:08","modified_gmt":"2018-09-20T12:41:08","slug":"roma","status":"publish","type":"page","link":"https:\/\/www.sbh.de\/?page_id=909","title":{"rendered":"ROMA"},"content":{"rendered":"<p><img loading=\"lazy\" decoding=\"async\" class=\"space-bottom-small space-bottom-xs wp-post-image\" src=\"https:\/\/www.sbh.de\/wp-content\/uploads\/2017\/04\/ROMA_connect_Icon_final_Schriftzug_Fleisch-01.jpg\" sizes=\"auto, (max-width: 1120px) 100vw, 1120px\" srcset=\"https:\/\/www.sbh.de\/wp-content\/uploads\/2017\/04\/ROMA_connect_Icon_final_Schriftzug_Fleisch-01.jpg 1180w, https:\/\/www.sbh.de\/wp-content\/uploads\/2017\/04\/ROMA_connect_Icon_final_Schriftzug_Fleisch-01-257x300.jpg 257w, https:\/\/www.sbh.de\/wp-content\/uploads\/2017\/04\/ROMA_connect_Icon_final_Schriftzug_Fleisch-01-768x898.jpg 768w, https:\/\/www.sbh.de\/wp-content\/uploads\/2017\/04\/ROMA_connect_Icon_final_Schriftzug_Fleisch-01-700x819.jpg 700w, https:\/\/www.sbh.de\/wp-content\/uploads\/2017\/04\/ROMA_connect_Icon_final_Schriftzug_Fleisch-01-171x200.jpg 171w, https:\/\/www.sbh.de\/wp-content\/uploads\/2017\/04\/ROMA_connect_Icon_final_Schriftzug_Fleisch-01-923x1080.jpg 923w\" alt=\"\" width=\"1120\" height=\"1310\"><\/p>\n<p>Verkaufen Sie auch die hochwertigen ROMA-Produkte? M\u00f6chten Sie die ROMA-Produkte in Ihrer factu.32 v6 kalkulieren k\u00f6nnen, ohne dazu immer den Produkt-Katalog zur Hand nehmen zu m\u00fcssen? M\u00f6chten Sie die Bestellung der ROMA-Produkte direkt \u00fcber den Auftrag erzeugen? Kein l\u00e4stiges Abschreiben mehr \u2013 Tippfehler k\u00f6nnen so gar nicht erst entstehen. Das spart Zeit und Geld.<\/p>\n<p>Dann haben wir die L\u00f6sung f\u00fcr Sie: Das \u201cROMA-Connect\u201d ist f\u00fcr factu.32 v6 ab sofort verf\u00fcgbar und beinhaltet:<br \/>\n\u2013 individuelle Fachhandelspreise und Rabatte im Einkauf<br \/>\n\u2013 Endkundenpreise im Verkauf<br \/>\n\u2013 Kalkulation mit Erfassungsmaske zur Plausibilisierung<br \/>\n\u2013 automatische Ermittlung von Zubeh\u00f6r\/Aufpreisen<br \/>\n\u2013 Online-Bestellung direkt aus der Auftragsbest\u00e4tigung<\/p>\n","protected":false},"excerpt":{"rendered":"<p>Verkaufen Sie auch die hochwertigen ROMA-Produkte? M\u00f6chten Sie die ROMA-Produkte in Ihrer factu.32 v6 kalkulieren k\u00f6nnen, ohne dazu immer den Produkt-Katalog zur Hand nehmen zu m\u00fcssen? M\u00f6chten Sie die Bestellung der ROMA-Produkte direkt \u00fcber den Auftrag erzeugen? Kein l\u00e4stiges Abschreiben mehr \u2013 Tippfehler k\u00f6nnen so gar nicht erst entstehen. Das spart Zeit und Geld. Dann&hellip; <br \/> <a class=\"read-more\" href=\"https:\/\/www.sbh.de\/?page_id=909\">Weiterlesen<\/a><\/p>\n","protected":false},"author":3,"featured_media":0,"parent":0,"menu_order":0,"comment_status":"closed","ping_status":"closed","template":"","meta":{"_bbp_topic_count":0,"_bbp_reply_count":0,"_bbp_total_topic_count":0,"_bbp_total_reply_count":0,"_bbp_voice_count":0,"_bbp_anonymous_reply_count":0,"_bbp_topic_count_hidden":0,"_bbp_reply_count_hidden":0,"_bbp_forum_subforum_count":0,"ngg_post_thumbnail":0,"footnotes":""},"class_list":["post-909","page","type-page","status-publish","hentry"],"_links":{"self":[{"href":"https:\/\/www.sbh.de\/index.php?rest_route=\/wp\/v2\/pages\/909","targetHints":{"allow":["GET"]}}],"collection":[{"href":"https:\/\/www.sbh.de\/index.php?rest_route=\/wp\/v2\/pages"}],"about":[{"href":"https:\/\/www.sbh.de\/index.php?rest_route=\/wp\/v2\/types\/page"}],"author":[{"embeddable":true,"href":"https:\/\/www.sbh.de\/index.php?rest_route=\/wp\/v2\/users\/3"}],"replies":[{"embeddable":true,"href":"https:\/\/www.sbh.de\/index.php?rest_route=%2Fwp%2Fv2%2Fcomments&post=909"}],"version-history":[{"count":2,"href":"https:\/\/www.sbh.de\/index.php?rest_route=\/wp\/v2\/pages\/909\/revisions"}],"predecessor-version":[{"id":915,"href":"https:\/\/www.sbh.de\/index.php?rest_route=\/wp\/v2\/pages\/909\/revisions\/915"}],"wp:attachment":[{"href":"https:\/\/www.sbh.de\/index.php?rest_route=%2Fwp%2Fv2%2Fmedia&parent=909"}],"curies":[{"name":"wp","href":"https:\/\/api.w.org\/{rel}","templated":true}]}}