{"id":939,"date":"2018-09-20T15:22:29","date_gmt":"2018-09-20T13:22:29","guid":{"rendered":"https:\/\/www.sbh.de\/?page_id=939"},"modified":"2023-11-24T10:16:53","modified_gmt":"2023-11-24T09:16:53","slug":"moveit-internorm-schnittstelle","status":"publish","type":"page","link":"https:\/\/www.sbh.de\/?page_id=939","title":{"rendered":"moveIT-\/ Internorm Schnittstelle"},"content":{"rendered":"<p><img loading=\"lazy\" decoding=\"async\" class=\"size-medium wp-image-1626 aligncenter\" src=\"https:\/\/www.sbh.de\/wp-content\/uploads\/2023\/11\/moveIT_Logo-300x200.png\" alt=\"\" width=\"300\" height=\"200\" srcset=\"https:\/\/www.sbh.de\/wp-content\/uploads\/2023\/11\/moveIT_Logo-300x200.png 300w, https:\/\/www.sbh.de\/wp-content\/uploads\/2023\/11\/moveIT_Logo-700x467.png 700w, https:\/\/www.sbh.de\/wp-content\/uploads\/2023\/11\/moveIT_Logo-768x513.png 768w, https:\/\/www.sbh.de\/wp-content\/uploads\/2023\/11\/moveIT_Logo-200x134.png 200w, https:\/\/www.sbh.de\/wp-content\/uploads\/2023\/11\/moveIT_Logo.png 800w\" sizes=\"auto, (max-width: 300px) 100vw, 300px\" \/><\/p>\n<p>&nbsp;<\/p>\n<p>Zur Vervollst\u00e4ndigung Ihrer gesamten Unternehmensprozesse, die \u00fcber den Verkauf hinaus gehen, stellt SBH f\u00fcr die \u00dcbernahme von Positionsdaten aus der kaufm\u00e4nnischen Vertriebssoftware moveIT ISS+ in factu32.v6 eine Import-Schnittstelle zur Verf\u00fcgung.<\/p>\n<p>Somit k\u00f6nnen Ihre in moveIT ISS+ vollst\u00e4ndig konfigurierten und kalkulierten Auftragspositionen samt Positionstexten und -grafiken einfach in faktu32.v6 \u00fcbernommen und dort unter anderem f\u00fcr Lieferscheine, Ausgangsrechnungen oder auch zur Waren- und Rechnungseingangskontrolle genutzt werden.<\/p>\n<p>Zu den Partnern der <a href=\"https:\/\/www.moveit.at\/\">moveIT Software GmbH<\/a> geh\u00f6ren, neben Bauelemente-Herstellern wie Internorm, Schlotterer, Kneer S\u00fcdfenster, Herholz usw. auch tausende Anwender im Handel.<\/p>\n","protected":false},"excerpt":{"rendered":"<p>&nbsp; Zur Vervollst\u00e4ndigung Ihrer gesamten Unternehmensprozesse, die \u00fcber den Verkauf hinaus gehen, stellt SBH f\u00fcr die \u00dcbernahme von Positionsdaten aus der kaufm\u00e4nnischen Vertriebssoftware moveIT ISS+ in factu32.v6 eine Import-Schnittstelle zur Verf\u00fcgung. Somit k\u00f6nnen Ihre in moveIT ISS+ vollst\u00e4ndig konfigurierten und kalkulierten Auftragspositionen samt Positionstexten und -grafiken einfach in faktu32.v6 \u00fcbernommen und dort unter anderem f\u00fcr&hellip; <br \/> <a class=\"read-more\" href=\"https:\/\/www.sbh.de\/?page_id=939\">Weiterlesen<\/a><\/p>\n","protected":false},"author":3,"featured_media":0,"parent":0,"menu_order":0,"comment_status":"closed","ping_status":"closed","template":"","meta":{"_bbp_topic_count":0,"_bbp_reply_count":0,"_bbp_total_topic_count":0,"_bbp_total_reply_count":0,"_bbp_voice_count":0,"_bbp_anonymous_reply_count":0,"_bbp_topic_count_hidden":0,"_bbp_reply_count_hidden":0,"_bbp_forum_subforum_count":0,"ngg_post_thumbnail":0,"footnotes":""},"class_list":["post-939","page","type-page","status-publish","hentry"],"_links":{"self":[{"href":"https:\/\/www.sbh.de\/index.php?rest_route=\/wp\/v2\/pages\/939","targetHints":{"allow":["GET"]}}],"collection":[{"href":"https:\/\/www.sbh.de\/index.php?rest_route=\/wp\/v2\/pages"}],"about":[{"href":"https:\/\/www.sbh.de\/index.php?rest_route=\/wp\/v2\/types\/page"}],"author":[{"embeddable":true,"href":"https:\/\/www.sbh.de\/index.php?rest_route=\/wp\/v2\/users\/3"}],"replies":[{"embeddable":true,"href":"https:\/\/www.sbh.de\/index.php?rest_route=%2Fwp%2Fv2%2Fcomments&post=939"}],"version-history":[{"count":3,"href":"https:\/\/www.sbh.de\/index.php?rest_route=\/wp\/v2\/pages\/939\/revisions"}],"predecessor-version":[{"id":1630,"href":"https:\/\/www.sbh.de\/index.php?rest_route=\/wp\/v2\/pages\/939\/revisions\/1630"}],"wp:attachment":[{"href":"https:\/\/www.sbh.de\/index.php?rest_route=%2Fwp%2Fv2%2Fmedia&parent=939"}],"curies":[{"name":"wp","href":"https:\/\/api.w.org\/{rel}","templated":true}]}}