{"id":979,"date":"2018-11-27T17:35:08","date_gmt":"2018-11-27T16:35:08","guid":{"rendered":"https:\/\/www.sbh.de\/?page_id=979"},"modified":"2019-06-28T08:18:04","modified_gmt":"2019-06-28T06:18:04","slug":"inotherm-plugin","status":"publish","type":"page","link":"https:\/\/www.sbh.de\/?page_id=979","title":{"rendered":"INOTHERM-Plugin"},"content":{"rendered":"<p><img loading=\"lazy\" decoding=\"async\" class=\"size-full wp-image-1121 alignleft\" src=\"https:\/\/www.sbh.de\/wp-content\/uploads\/2019\/06\/INO-logo-V.02-white-32x32mm.png\" alt=\"\" width=\"189\" height=\"189\" srcset=\"https:\/\/www.sbh.de\/wp-content\/uploads\/2019\/06\/INO-logo-V.02-white-32x32mm.png 189w, https:\/\/www.sbh.de\/wp-content\/uploads\/2019\/06\/INO-logo-V.02-white-32x32mm-100x100.png 100w\" sizes=\"auto, (max-width: 189px) 100vw, 189px\" \/><\/p>\n<p>&nbsp;<\/p>\n<p>&nbsp;<\/p>\n<p>&nbsp;<\/p>\n<p>&nbsp;<\/p>\n<p>&nbsp;<\/p>\n<p>Verkaufen Sie auch die hochwertigen Inotherm-Produkte? M\u00f6chten Sie die Inotherm-Produkte in Ihrer factu.32 v6 kalkulieren k\u00f6nnen, ohne dazu immer den Produkt-Katalog zur Hand nehmen zu m\u00fcssen? M\u00f6chten Sie die Bestellung der Inotherm-Produkte direkt \u00fcber den Auftrag erzeugen?<br \/>\nKein l\u00e4stiges Abschreiben mehr \u2013 Tippfehler k\u00f6nnen so gar nicht erst entstehen. Das spart Zeit und Geld.<\/p>\n<p>Dann haben wir die L\u00f6sung f\u00fcr Sie: Das \u201cInotherm-Plugin\u201d ist f\u00fcr factu.32 v6 ab sofort verf\u00fcgbar und beinhaltet:<\/p>\n<ul>\n<li>individuelle Fachhandelspreise und Rabatte im Einkauf<\/li>\n<li>Endkundenpreise im Verkauf<\/li>\n<li>Kalkulation mit Erfassungsmaske zur Plausibilisierung<\/li>\n<li>automatische Ermittlung von Zubeh\u00f6r\/Aufpreisen<\/li>\n<li>Online-Bestellung direkt aus der Auftragsbest\u00e4tigung (aktuell noch nicht verf\u00fcgbar)<\/li>\n<\/ul>\n<p>Wie das INOTHERM-Plugin funktioniert, k\u00f6nnen Sie im nachfolgenden Video sehen.<\/p>\n<div id=\"wpfp_c8bdee874a6d4b3a65a8933d11e36f0a\" data-item=\"{&quot;sources&quot;:[{&quot;src&quot;:&quot;https:\\\/\\\/www.sbh.de\\\/wp-content\\\/uploads\\\/2018\\\/11\\\/Inotherm_factu32v6.mp4&quot;,&quot;type&quot;:&quot;video\\\/mp4&quot;}],&quot;id&quot;:&quot;2&quot;}\" class=\"flowplayer no-brand is-splash is-paused skin-slim no-svg fp-slim fp-edgy\" data-fv-embed=\"https:\/\/www.sbh.de\/?page_id=979&amp;fv_player_embed=fvp-2\" style=\"position:relative; max-width: 640px; max-height: 360px; \" data-ratio=\"0.5625\">\n\t<div class=\"fp-ratio\" style=\"padding-top: 56.25%\"><\/div>\n\t<div class=\"fp-ui\"><noscript>Please enable JavaScript<\/noscript><div class=\"fp-play fp-visible\"><svg class=\"fp-play-sharp-fill\" xmlns=\"http:\/\/www.w3.org\/2000\/svg\" viewBox=\"0 0 100 100\"><defs><style>.fp-color-play{opacity:0.65;}.controlbutton{fill:#fff;}<\/style><\/defs><title>play-sharp-fill<\/title><path class=\"fp-color-play\" d=\"M49.9217-.078a50,50,0,1,0,50,50A50.0564,50.0564,0,0,0,49.9217-.078Z\"\/><polygon class=\"controlbutton\" points=\"73.601 50 37.968 70.573 37.968 29.427 73.601 50\" filter=\"url(#f1)\"\/><\/svg><\/div><div class=\"fp-preload\"><b><\/b><b><\/b><b><\/b><b><\/b><\/div><\/div>\n<div class='fvp-share-bar'><ul class=\"fvp-sharing\">\r\n    <li><a class=\"sharing-facebook\" href=\"https:\/\/www.facebook.com\/sharer\/sharer.php?u=https%3A%2F%2Fwww.sbh.de%2F%3Fpage_id%3D979\" target=\"_blank\"><\/a><\/li>\r\n    <li><a class=\"sharing-twitter\" href=\"https:\/\/twitter.com\/intent\/tweet?text=SBH+GmbH+-+Branchensoftware+&url=https%3A%2F%2Fwww.sbh.de%2F%3Fpage_id%3D979\" target=\"_blank\"><\/a><\/li>\r\n    <li><a class=\"sharing-email\" href=\"mailto:?body=Check%20out%20the%20amazing%20video%20here%3A%20https%3A%2F%2Fwww.sbh.de%2F%3Fpage_id%3D979\" target=\"_blank\"><\/a><\/li><\/ul><div><a class=\"sharing-link\" href=\"https:\/\/www.sbh.de\/?page_id=979\" target=\"_blank\">Link<\/a><\/div><div><label><a class=\"embed-code-toggle\" href=\"#\"><strong>Embed<\/strong><\/a><\/label><\/div><div class=\"embed-code\"><label>Copy and paste this HTML code into your webpage to embed.<\/label><textarea><\/textarea><\/div><\/div>\n<\/div>\n\n<p>&nbsp;<\/p>\n","protected":false},"excerpt":{"rendered":"<p>&nbsp; &nbsp; &nbsp; &nbsp; &nbsp; Verkaufen Sie auch die hochwertigen Inotherm-Produkte? M\u00f6chten Sie die Inotherm-Produkte in Ihrer factu.32 v6 kalkulieren k\u00f6nnen, ohne dazu immer den Produkt-Katalog zur Hand nehmen zu m\u00fcssen? M\u00f6chten Sie die Bestellung der Inotherm-Produkte direkt \u00fcber den Auftrag erzeugen? Kein l\u00e4stiges Abschreiben mehr \u2013 Tippfehler k\u00f6nnen so gar nicht erst entstehen. Das&hellip; <br \/> <a class=\"read-more\" href=\"https:\/\/www.sbh.de\/?page_id=979\">Weiterlesen<\/a><\/p>\n","protected":false},"author":3,"featured_media":0,"parent":0,"menu_order":0,"comment_status":"closed","ping_status":"closed","template":"","meta":{"_bbp_topic_count":0,"_bbp_reply_count":0,"_bbp_total_topic_count":0,"_bbp_total_reply_count":0,"_bbp_voice_count":0,"_bbp_anonymous_reply_count":0,"_bbp_topic_count_hidden":0,"_bbp_reply_count_hidden":0,"_bbp_forum_subforum_count":0,"ngg_post_thumbnail":0,"footnotes":""},"class_list":["post-979","page","type-page","status-publish","hentry"],"_links":{"self":[{"href":"https:\/\/www.sbh.de\/index.php?rest_route=\/wp\/v2\/pages\/979","targetHints":{"allow":["GET"]}}],"collection":[{"href":"https:\/\/www.sbh.de\/index.php?rest_route=\/wp\/v2\/pages"}],"about":[{"href":"https:\/\/www.sbh.de\/index.php?rest_route=\/wp\/v2\/types\/page"}],"author":[{"embeddable":true,"href":"https:\/\/www.sbh.de\/index.php?rest_route=\/wp\/v2\/users\/3"}],"replies":[{"embeddable":true,"href":"https:\/\/www.sbh.de\/index.php?rest_route=%2Fwp%2Fv2%2Fcomments&post=979"}],"version-history":[{"count":11,"href":"https:\/\/www.sbh.de\/index.php?rest_route=\/wp\/v2\/pages\/979\/revisions"}],"predecessor-version":[{"id":1122,"href":"https:\/\/www.sbh.de\/index.php?rest_route=\/wp\/v2\/pages\/979\/revisions\/1122"}],"wp:attachment":[{"href":"https:\/\/www.sbh.de\/index.php?rest_route=%2Fwp%2Fv2%2Fmedia&parent=979"}],"curies":[{"name":"wp","href":"https:\/\/api.w.org\/{rel}","templated":true}]}}